{"id":236,"date":"2023-07-24T22:58:56","date_gmt":"2023-07-24T20:58:56","guid":{"rendered":"http:\/\/www.piano-angers.com\/?page_id=236"},"modified":"2023-08-28T10:33:49","modified_gmt":"2023-08-28T08:33:49","slug":"cours-de-piano-a-angers-nathalie-boulangeot","status":"publish","type":"page","link":"http:\/\/www.piano-angers.com\/","title":{"rendered":"Cours de piano \u00e0 Angers, Nathalie BoulangeoT"},"content":{"rendered":"\n<main class=\"wp-block-group is-layout-flow wp-block-group-is-layout-flow\" style=\"margin-top:var(--wp--preset--spacing--50)\">\n<div class=\"wp-block-group has-global-padding is-layout-constrained wp-block-group-is-layout-constrained\">\n<figure class=\"wp-block-image aligncenter size-full\"><img loading=\"lazy\" decoding=\"async\" width=\"340\" height=\"156\" src=\"http:\/\/www.piano-angers.com\/wp-content\/uploads\/2023\/07\/logo-piano-angers.png\" alt=\"cours de piano angers nathalie boulangeot\" class=\"wp-image-194\" srcset=\"http:\/\/www.piano-angers.com\/wp-content\/uploads\/2023\/07\/logo-piano-angers.png 340w, http:\/\/www.piano-angers.com\/wp-content\/uploads\/2023\/07\/logo-piano-angers-300x138.png 300w\" sizes=\"auto, (max-width: 340px) 100vw, 340px\" \/><\/figure>\n\n\n\n<h5 class=\"wp-block-heading has-text-align-center\">Cours de piano \u00e0 Angers, Nathalie Boulangeot<br><strong>Lundi au samedi de 8h30 \u00e0 20h sur rendez-vous <\/strong><br><strong>06 99 88 38 66 &#8211; <a href=\"mailto:nathalie.boulangeot@orange.fr\" target=\"_blank\" rel=\"noreferrer noopener\">nathalie.boulangeot@orange.fr<\/a><\/strong><\/h5>\n\n\n\n<p class=\"has-text-align-center\">Je vous propose une technique d\u2019apprentissage simple et efficace qui sera adapt\u00e9e en fonction de vos capacit\u00e9s et de votre rythme de travail. Les cours de piano s\u2019effectuent principalement au domicile des \u00e9l\u00e8ves sur Angers et son agglom\u00e9ration (1\u00e8re, 2\u00e8me, et 3\u00e8me couronne) ainsi qu&rsquo;Avrill\u00e9, et sont adapt\u00e9s \u00e0 tous niveaux, de d\u00e9butant \u00e0 confirm\u00e9, pour enfants (\u00e0 partir de 6 ans) et adultes.<\/p>\n<\/div>\n<\/main>\n\n\n\n<div class=\"wp-block-columns alignfull has-text-color is-layout-flex wp-container-core-columns-is-layout-28f84493 wp-block-columns-is-layout-flex\" style=\"color:#000000\">\n<div class=\"wp-block-column is-layout-flow wp-block-column-is-layout-flow\">\n<h3 class=\"wp-block-heading\" style=\"font-size:clamp(15.747px, 0.984rem + ((1vw - 3.2px) * 0.938), 24px);line-height:1.3\"><strong>Cours de piano adapt\u00e9s <\/strong><br><strong>\u00e0 tous les niveaux<\/strong><\/h3>\n\n\n\n<p>Que vous soyez d\u00e9butant ou avec une exp\u00e9rience du piano, Nathalie Boulangeot propose des cours adapt\u00e9s \u00e0 tous les niveaux. Elle sait s\u2019adapter aux besoins et aux objectifs de chaque \u00e9l\u00e8ve, en cr\u00e9ant des programmes d\u2019apprentissage personnalis\u00e9s. Vous progresserez \u00e0 votre rythme.<\/p>\n<\/div>\n\n\n\n<div class=\"wp-block-column is-layout-flow wp-block-column-is-layout-flow\">\n<h3 class=\"wp-block-heading\" style=\"font-size:clamp(15.747px, 0.984rem + ((1vw - 3.2px) * 0.938), 24px);line-height:1.3\"><strong>M\u00e9thode p\u00e9dagogique personnalis\u00e9e<\/strong><\/h3>\n\n\n\n<p>La m\u00e9thode p\u00e9dagogique est ax\u00e9e sur l\u2019individualit\u00e9 de chaque \u00e9l\u00e8ve. Nathalie Boulangeot favorise une approche interactive, encourageant la participation active de l\u2019\u00e9l\u00e8ve. La prise en compte des objectifs, capacit\u00e9s, et pr\u00e9f\u00e9rences musicales, facilite la cr\u00e9ation d&rsquo;un parcours d&rsquo;apprentissage personnalis\u00e9 et adapt\u00e9.<\/p>\n<\/div>\n\n\n\n<div class=\"wp-block-column is-layout-flow wp-block-column-is-layout-flow\">\n<h3 class=\"wp-block-heading\" style=\"font-size:clamp(15.747px, 0.984rem + ((1vw - 3.2px) * 0.938), 24px);line-height:1.3\"><strong>\u00c9panouissement personnel et confiance en soi<\/strong><\/h3>\n\n\n\n<p>Prendre des cours de piano va bien au-del\u00e0 de l\u2019apprentissage musical. Vous d\u00e9velopperez votre sensibilit\u00e9 artistique et votre confiance en vous. La musique est un bon moyen d\u2019expression \u00e9motionnelle, et gr\u00e2ce aux cours de piano, vous serez en mesure de vous exprimer de mani\u00e8re unique.<\/p>\n<\/div>\n<\/div>\n\n\n\n<div class=\"wp-block-media-text alignwide is-stacked-on-mobile is-vertically-aligned-center\" style=\"grid-template-columns:25% auto\"><figure class=\"wp-block-media-text__media\"><img loading=\"lazy\" decoding=\"async\" width=\"1024\" height=\"768\" src=\"http:\/\/www.piano-angers.com\/wp-content\/uploads\/2020\/04\/IMG_4183.jpg\" alt=\"cours de piano angers\" class=\"wp-image-37 size-full\" srcset=\"http:\/\/www.piano-angers.com\/wp-content\/uploads\/2020\/04\/IMG_4183.jpg 1024w, http:\/\/www.piano-angers.com\/wp-content\/uploads\/2020\/04\/IMG_4183-300x225.jpg 300w, http:\/\/www.piano-angers.com\/wp-content\/uploads\/2020\/04\/IMG_4183-768x576.jpg 768w, http:\/\/www.piano-angers.com\/wp-content\/uploads\/2020\/04\/IMG_4183-705x529.jpg 705w\" sizes=\"auto, (max-width: 1024px) 100vw, 1024px\" \/><\/figure><div class=\"wp-block-media-text__content\">\n<div class=\"wp-block-group is-layout-flow wp-block-group-is-layout-flow\" style=\"padding-top:2em;padding-right:2em;padding-bottom:2em;padding-left:2em\">\n<h2 class=\"wp-block-heading\" style=\"font-size:clamp(22.041px, 1.378rem + ((1vw - 3.2px) * 1.586), 36px);\"><strong>Expertise pianistique<\/strong><\/h2>\n\n\n\n<p class=\"has-extra-small-font-size\">Nathalie Boulangeot b\u00e9n\u00e9ficie d\u2019une bonne formation musicale. Forte de nombreuses ann\u00e9es d\u2019exp\u00e9rience en tant que musicienne professionnelle et enseignante, elle poss\u00e8de une connaissance approfondie du piano et de son r\u00e9pertoire. Gr\u00e2ce \u00e0 sa passion pour la musique, elle sait transmettre son savoir et guider ses \u00e9l\u00e8ves vers&nbsp;l\u2019apprentissage rapide du piano.<\/p>\n<\/div>\n<\/div><\/div>\n\n\n\n<div class=\"wp-block-media-text alignwide has-media-on-the-right is-stacked-on-mobile is-vertically-aligned-center\" style=\"grid-template-columns:auto 46%\"><div class=\"wp-block-media-text__content\">\n<blockquote class=\"wp-block-quote is-style-plain is-layout-flow wp-block-quote-is-layout-flow\">\n<p><strong>Se lancer dans l&rsquo;apprentissage du piano sans pr\u00e9requis et en toute confiance :<\/strong><\/p>\n\n\n\n<ul class=\"wp-block-list\">\n<li>Cours de piano tout public<\/li>\n\n\n\n<li>Apprentissage rapide du piano<\/li>\n\n\n\n<li>Aucune connaissance du solf\u00e8ge requise<\/li>\n\n\n\n<li>M\u00e9thode adapt\u00e9e \u00e0 votre niveau<\/li>\n<\/ul>\n\n\n\n<p><strong>De nombreux styles musicaux vous permettront un apprentissage rapide du piano et solf\u00e8ge :<\/strong><\/p>\n\n\n\n<ul class=\"wp-block-list\">\n<li>Musique classique (Bach, Mozart, Beethoven, Chopin, Debussy\u2026)<\/li>\n\n\n\n<li>Vari\u00e9t\u00e9s (Berger, Obispo, Aznavour, Ad\u00e8le\u2026)<\/li>\n\n\n\n<li>Jazz (Joplin, Ellington\u2026)<\/li>\n\n\n\n<li>Musique de films (Lai, Cosma\u2026)<\/li>\n<\/ul>\n<\/blockquote>\n<\/div><figure class=\"wp-block-media-text__media\"><img loading=\"lazy\" decoding=\"async\" width=\"960\" height=\"720\" src=\"http:\/\/www.piano-angers.com\/wp-content\/uploads\/2023\/07\/image.jpeg\" alt=\"\" class=\"wp-image-225 size-full\" srcset=\"http:\/\/www.piano-angers.com\/wp-content\/uploads\/2023\/07\/image.jpeg 960w, http:\/\/www.piano-angers.com\/wp-content\/uploads\/2023\/07\/image-300x225.jpeg 300w, http:\/\/www.piano-angers.com\/wp-content\/uploads\/2023\/07\/image-768x576.jpeg 768w\" sizes=\"auto, (max-width: 960px) 100vw, 960px\" \/><\/figure><\/div>\n\n\n\n<div class=\"wp-block-media-text alignwide is-stacked-on-mobile is-vertically-aligned-center\" style=\"grid-template-columns:39% auto\"><figure class=\"wp-block-media-text__media\"><img loading=\"lazy\" decoding=\"async\" width=\"1024\" height=\"768\" src=\"http:\/\/www.piano-angers.com\/wp-content\/uploads\/2020\/04\/IMG_4166.jpg\" alt=\"cours de piano angers et avrill\u00e9 par nathalie boulangeot\" class=\"wp-image-31 size-full\" srcset=\"http:\/\/www.piano-angers.com\/wp-content\/uploads\/2020\/04\/IMG_4166.jpg 1024w, http:\/\/www.piano-angers.com\/wp-content\/uploads\/2020\/04\/IMG_4166-300x225.jpg 300w, http:\/\/www.piano-angers.com\/wp-content\/uploads\/2020\/04\/IMG_4166-768x576.jpg 768w, http:\/\/www.piano-angers.com\/wp-content\/uploads\/2020\/04\/IMG_4166-705x529.jpg 705w\" sizes=\"auto, (max-width: 1024px) 100vw, 1024px\" \/><\/figure><div class=\"wp-block-media-text__content\">\n<div class=\"wp-block-group is-layout-flow wp-block-group-is-layout-flow\" style=\"padding-top:2em;padding-right:2em;padding-bottom:2em;padding-left:2em\">\n<h2 class=\"wp-block-heading\" style=\"font-size:clamp(22.041px, 1.378rem + ((1vw - 3.2px) * 1.586), 36px);\"><strong>Cours de piano et apprentissage de l&rsquo;instrument<\/strong><\/h2>\n\n\n\n<ul class=\"wp-block-list\">\n<li><strong>D\u00e9veloppement de vos qualit\u00e9s musicales :<\/strong><br>Prendre des cours de piano avec Nathalie Boulangeot vous offre une opportunit\u00e9 unique de d\u00e9velopper des&nbsp;qualit\u00e9s&nbsp;musicales solides. Avec son exp\u00e9rience et son savoir-faire, elle vous guidera \u00e0 travers les fondamentaux du piano, la lecture des notes,&nbsp;la connaissance des diff\u00e9rents genres musicaux,&nbsp;l\u2019histoire de la&nbsp;musique. Gr\u00e2ce \u00e0 ses conseils et \u00e0 son accompagnement personnalis\u00e9, vous progresserez rapidement et efficacement.<\/li>\n<\/ul>\n\n\n\n<ul class=\"wp-block-list\" start=\"2\">\n<li><strong>Am\u00e9lioration de la concentration et de la m\u00e9moire avec les techniques enseign\u00e9es :<\/strong><br>Les cours de piano renforceront votre concentration et votre m\u00e9moire. Les techniques p\u00e9dagogiques utilis\u00e9es vous encourageront \u00e0 vous concentrer sur les d\u00e9tails musicaux tels que les notes, les rythmes et les nuances.<\/li>\n\n\n\n<li><strong>Gestion du stress et expression \u00e9motionnelle guid\u00e9es :<\/strong>&nbsp;Nathalie Boulangeot comprend l\u2019importance de la musique comme moyen de gestion du stress et d\u2019expression \u00e9motionnelle. Gr\u00e2ce \u00e0 son accompagnement, vous d\u00e9couvrirez comment vous plonger dans la musique du piano pour vous d\u00e9tendre et vous lib\u00e9rer des tensions accumul\u00e9es. Elle vous encouragera \u00e9galement \u00e0 exprimer vos \u00e9motions \u00e0 travers votre jeu, vous permettant de communiquer de mani\u00e8re profonde.<\/li>\n<\/ul>\n<\/div>\n<\/div><\/div>\n\n\n\n<h1 class=\"wp-block-heading has-text-align-center\">Cours de piano individuel et personnalis\u00e9<\/h1>\n\n\n<footer class=\"wp-block-template-part\">\n<div class=\"wp-block-group has-global-padding is-layout-constrained wp-block-group-is-layout-constrained\">\n<div class=\"wp-block-group is-content-justification-center is-layout-flex wp-container-core-group-is-layout-f27c6935 wp-block-group-is-layout-flex\" style=\"padding-top:var(--wp--preset--spacing--40)\"><p class=\"has-text-align-center wp-block-site-title\"><a href=\"http:\/\/www.piano-angers.com\" target=\"_self\" rel=\"home\">Cours de piano \u00e0 Angers, Nathalie Boulangeot<\/a><\/p><\/div>\n<\/div>\n<\/footer>","protected":false},"excerpt":{"rendered":"<p>Cours de piano \u00e0 Angers, Nathalie BoulangeotLundi au samedi de 8h30 \u00e0 20h sur rendez-vous 06 99 88 38 66 &#8211; nathalie.boulangeot@orange.fr Je vous propose une technique d\u2019apprentissage simple et efficace qui sera adapt\u00e9e en fonction de vos capacit\u00e9s et de votre rythme de travail. Les cours de piano s\u2019effectuent principalement au domicile des \u00e9l\u00e8ves [&hellip;]<\/p>\n","protected":false},"author":1,"featured_media":194,"parent":0,"menu_order":0,"comment_status":"closed","ping_status":"closed","template":"blank","meta":{"footnotes":""},"class_list":["post-236","page","type-page","status-publish","has-post-thumbnail","hentry"],"yoast_head":"<!-- This site is optimized with the Yoast SEO plugin v24.0 - https:\/\/yoast.com\/wordpress\/plugins\/seo\/ -->\n<title>Cours de piano \u00e0 Angers, Nathalie BoulangeoT - Cours de piano \u00e0 Angers, Nathalie Boulangeot<\/title>\n<meta name=\"description\" content=\"Cours de piano \u00e0 Angers Nathalie Boulangeot, apprentissage rapide, styles musicaux vari\u00e9s, cours tous niveaux et tous publics\" \/>\n<meta name=\"robots\" content=\"index, follow, max-snippet:-1, max-image-preview:large, max-video-preview:-1\" \/>\n<link rel=\"canonical\" href=\"http:\/\/www.piano-angers.com\/\" \/>\n<meta property=\"og:locale\" content=\"fr_FR\" \/>\n<meta property=\"og:type\" content=\"article\" \/>\n<meta property=\"og:title\" content=\"Cours de piano \u00e0 Angers, Nathalie BoulangeoT - Cours de piano \u00e0 Angers, Nathalie Boulangeot\" \/>\n<meta property=\"og:description\" content=\"Cours de piano \u00e0 Angers Nathalie Boulangeot, apprentissage rapide, styles musicaux vari\u00e9s, cours tous niveaux et tous publics\" \/>\n<meta property=\"og:url\" content=\"http:\/\/www.piano-angers.com\/\" \/>\n<meta property=\"og:site_name\" content=\"Cours de piano \u00e0 Angers, Nathalie Boulangeot\" \/>\n<meta property=\"article:modified_time\" content=\"2023-08-28T08:33:49+00:00\" \/>\n<meta property=\"og:image\" content=\"http:\/\/www.piano-angers.com\/wp-content\/uploads\/2023\/07\/logo-piano-angers.png\" \/>\n\t<meta property=\"og:image:width\" content=\"340\" \/>\n\t<meta property=\"og:image:height\" content=\"156\" \/>\n\t<meta property=\"og:image:type\" content=\"image\/png\" \/>\n<meta name=\"twitter:card\" content=\"summary_large_image\" \/>\n<meta name=\"twitter:label1\" content=\"Dur\u00e9e de lecture estim\u00e9e\" \/>\n\t<meta name=\"twitter:data1\" content=\"4 minutes\" \/>\n<script type=\"application\/ld+json\" class=\"yoast-schema-graph\">{\"@context\":\"https:\/\/schema.org\",\"@graph\":[{\"@type\":\"WebPage\",\"@id\":\"http:\/\/www.piano-angers.com\/\",\"url\":\"http:\/\/www.piano-angers.com\/\",\"name\":\"Cours de piano \u00e0 Angers, Nathalie BoulangeoT - Cours de piano \u00e0 Angers, Nathalie Boulangeot\",\"isPartOf\":{\"@id\":\"http:\/\/www.piano-angers.com\/#website\"},\"primaryImageOfPage\":{\"@id\":\"http:\/\/www.piano-angers.com\/#primaryimage\"},\"image\":{\"@id\":\"http:\/\/www.piano-angers.com\/#primaryimage\"},\"thumbnailUrl\":\"http:\/\/www.piano-angers.com\/wp-content\/uploads\/2023\/07\/logo-piano-angers.png\",\"datePublished\":\"2023-07-24T20:58:56+00:00\",\"dateModified\":\"2023-08-28T08:33:49+00:00\",\"description\":\"Cours de piano \u00e0 Angers Nathalie Boulangeot, apprentissage rapide, styles musicaux vari\u00e9s, cours tous niveaux et tous publics\",\"breadcrumb\":{\"@id\":\"http:\/\/www.piano-angers.com\/#breadcrumb\"},\"inLanguage\":\"fr-FR\",\"potentialAction\":[{\"@type\":\"ReadAction\",\"target\":[\"http:\/\/www.piano-angers.com\/\"]}]},{\"@type\":\"ImageObject\",\"inLanguage\":\"fr-FR\",\"@id\":\"http:\/\/www.piano-angers.com\/#primaryimage\",\"url\":\"http:\/\/www.piano-angers.com\/wp-content\/uploads\/2023\/07\/logo-piano-angers.png\",\"contentUrl\":\"http:\/\/www.piano-angers.com\/wp-content\/uploads\/2023\/07\/logo-piano-angers.png\",\"width\":340,\"height\":156,\"caption\":\"cours de piano angers nathalie boulangeot\"},{\"@type\":\"BreadcrumbList\",\"@id\":\"http:\/\/www.piano-angers.com\/#breadcrumb\",\"itemListElement\":[{\"@type\":\"ListItem\",\"position\":1,\"name\":\"Accueil\",\"item\":\"http:\/\/www.piano-angers.com\/\"},{\"@type\":\"ListItem\",\"position\":2,\"name\":\"Cours de piano \u00e0 Angers, Nathalie BoulangeoT\"}]},{\"@type\":\"WebSite\",\"@id\":\"http:\/\/www.piano-angers.com\/#website\",\"url\":\"http:\/\/www.piano-angers.com\/\",\"name\":\"PIANO ANGERS - Nathalie Boulangeot professeur de piano et solf\u00e8ge \u00e0 Angers et Avrill\u00e9\",\"description\":\"Apprentissage rapide du piano et du solf\u00e8ge, donne cours tous niveaux, tous publics\",\"publisher\":{\"@id\":\"http:\/\/www.piano-angers.com\/#organization\"},\"potentialAction\":[{\"@type\":\"SearchAction\",\"target\":{\"@type\":\"EntryPoint\",\"urlTemplate\":\"http:\/\/www.piano-angers.com\/?s={search_term_string}\"},\"query-input\":{\"@type\":\"PropertyValueSpecification\",\"valueRequired\":true,\"valueName\":\"search_term_string\"}}],\"inLanguage\":\"fr-FR\"},{\"@type\":\"Organization\",\"@id\":\"http:\/\/www.piano-angers.com\/#organization\",\"name\":\"PIANO ANGERS : Cours de solf\u00e8ge et piano par votre professeur Nathalie Boulangeot\",\"url\":\"http:\/\/www.piano-angers.com\/\",\"logo\":{\"@type\":\"ImageObject\",\"inLanguage\":\"fr-FR\",\"@id\":\"http:\/\/www.piano-angers.com\/#\/schema\/logo\/image\/\",\"url\":\"http:\/\/www.piano-angers.com\/wp-content\/uploads\/2023\/07\/logo-piano-angers.png\",\"contentUrl\":\"http:\/\/www.piano-angers.com\/wp-content\/uploads\/2023\/07\/logo-piano-angers.png\",\"width\":340,\"height\":156,\"caption\":\"PIANO ANGERS : Cours de solf\u00e8ge et piano par votre professeur Nathalie Boulangeot\"},\"image\":{\"@id\":\"http:\/\/www.piano-angers.com\/#\/schema\/logo\/image\/\"}}]}<\/script>\n<!-- \/ Yoast SEO plugin. -->","yoast_head_json":{"title":"Cours de piano \u00e0 Angers, Nathalie BoulangeoT - Cours de piano \u00e0 Angers, Nathalie Boulangeot","description":"Cours de piano \u00e0 Angers Nathalie Boulangeot, apprentissage rapide, styles musicaux vari\u00e9s, cours tous niveaux et tous publics","robots":{"index":"index","follow":"follow","max-snippet":"max-snippet:-1","max-image-preview":"max-image-preview:large","max-video-preview":"max-video-preview:-1"},"canonical":"http:\/\/www.piano-angers.com\/","og_locale":"fr_FR","og_type":"article","og_title":"Cours de piano \u00e0 Angers, Nathalie BoulangeoT - Cours de piano \u00e0 Angers, Nathalie Boulangeot","og_description":"Cours de piano \u00e0 Angers Nathalie Boulangeot, apprentissage rapide, styles musicaux vari\u00e9s, cours tous niveaux et tous publics","og_url":"http:\/\/www.piano-angers.com\/","og_site_name":"Cours de piano \u00e0 Angers, Nathalie Boulangeot","article_modified_time":"2023-08-28T08:33:49+00:00","og_image":[{"width":340,"height":156,"url":"http:\/\/www.piano-angers.com\/wp-content\/uploads\/2023\/07\/logo-piano-angers.png","type":"image\/png"}],"twitter_card":"summary_large_image","twitter_misc":{"Dur\u00e9e de lecture estim\u00e9e":"4 minutes"},"schema":{"@context":"https:\/\/schema.org","@graph":[{"@type":"WebPage","@id":"http:\/\/www.piano-angers.com\/","url":"http:\/\/www.piano-angers.com\/","name":"Cours de piano \u00e0 Angers, Nathalie BoulangeoT - Cours de piano \u00e0 Angers, Nathalie Boulangeot","isPartOf":{"@id":"http:\/\/www.piano-angers.com\/#website"},"primaryImageOfPage":{"@id":"http:\/\/www.piano-angers.com\/#primaryimage"},"image":{"@id":"http:\/\/www.piano-angers.com\/#primaryimage"},"thumbnailUrl":"http:\/\/www.piano-angers.com\/wp-content\/uploads\/2023\/07\/logo-piano-angers.png","datePublished":"2023-07-24T20:58:56+00:00","dateModified":"2023-08-28T08:33:49+00:00","description":"Cours de piano \u00e0 Angers Nathalie Boulangeot, apprentissage rapide, styles musicaux vari\u00e9s, cours tous niveaux et tous publics","breadcrumb":{"@id":"http:\/\/www.piano-angers.com\/#breadcrumb"},"inLanguage":"fr-FR","potentialAction":[{"@type":"ReadAction","target":["http:\/\/www.piano-angers.com\/"]}]},{"@type":"ImageObject","inLanguage":"fr-FR","@id":"http:\/\/www.piano-angers.com\/#primaryimage","url":"http:\/\/www.piano-angers.com\/wp-content\/uploads\/2023\/07\/logo-piano-angers.png","contentUrl":"http:\/\/www.piano-angers.com\/wp-content\/uploads\/2023\/07\/logo-piano-angers.png","width":340,"height":156,"caption":"cours de piano angers nathalie boulangeot"},{"@type":"BreadcrumbList","@id":"http:\/\/www.piano-angers.com\/#breadcrumb","itemListElement":[{"@type":"ListItem","position":1,"name":"Accueil","item":"http:\/\/www.piano-angers.com\/"},{"@type":"ListItem","position":2,"name":"Cours de piano \u00e0 Angers, Nathalie BoulangeoT"}]},{"@type":"WebSite","@id":"http:\/\/www.piano-angers.com\/#website","url":"http:\/\/www.piano-angers.com\/","name":"PIANO ANGERS - Nathalie Boulangeot professeur de piano et solf\u00e8ge \u00e0 Angers et Avrill\u00e9","description":"Apprentissage rapide du piano et du solf\u00e8ge, donne cours tous niveaux, tous publics","publisher":{"@id":"http:\/\/www.piano-angers.com\/#organization"},"potentialAction":[{"@type":"SearchAction","target":{"@type":"EntryPoint","urlTemplate":"http:\/\/www.piano-angers.com\/?s={search_term_string}"},"query-input":{"@type":"PropertyValueSpecification","valueRequired":true,"valueName":"search_term_string"}}],"inLanguage":"fr-FR"},{"@type":"Organization","@id":"http:\/\/www.piano-angers.com\/#organization","name":"PIANO ANGERS : Cours de solf\u00e8ge et piano par votre professeur Nathalie Boulangeot","url":"http:\/\/www.piano-angers.com\/","logo":{"@type":"ImageObject","inLanguage":"fr-FR","@id":"http:\/\/www.piano-angers.com\/#\/schema\/logo\/image\/","url":"http:\/\/www.piano-angers.com\/wp-content\/uploads\/2023\/07\/logo-piano-angers.png","contentUrl":"http:\/\/www.piano-angers.com\/wp-content\/uploads\/2023\/07\/logo-piano-angers.png","width":340,"height":156,"caption":"PIANO ANGERS : Cours de solf\u00e8ge et piano par votre professeur Nathalie Boulangeot"},"image":{"@id":"http:\/\/www.piano-angers.com\/#\/schema\/logo\/image\/"}}]}},"_links":{"self":[{"href":"http:\/\/www.piano-angers.com\/index.php?rest_route=\/wp\/v2\/pages\/236","targetHints":{"allow":["GET"]}}],"collection":[{"href":"http:\/\/www.piano-angers.com\/index.php?rest_route=\/wp\/v2\/pages"}],"about":[{"href":"http:\/\/www.piano-angers.com\/index.php?rest_route=\/wp\/v2\/types\/page"}],"author":[{"embeddable":true,"href":"http:\/\/www.piano-angers.com\/index.php?rest_route=\/wp\/v2\/users\/1"}],"replies":[{"embeddable":true,"href":"http:\/\/www.piano-angers.com\/index.php?rest_route=%2Fwp%2Fv2%2Fcomments&post=236"}],"version-history":[{"count":17,"href":"http:\/\/www.piano-angers.com\/index.php?rest_route=\/wp\/v2\/pages\/236\/revisions"}],"predecessor-version":[{"id":265,"href":"http:\/\/www.piano-angers.com\/index.php?rest_route=\/wp\/v2\/pages\/236\/revisions\/265"}],"wp:featuredmedia":[{"embeddable":true,"href":"http:\/\/www.piano-angers.com\/index.php?rest_route=\/wp\/v2\/media\/194"}],"wp:attachment":[{"href":"http:\/\/www.piano-angers.com\/index.php?rest_route=%2Fwp%2Fv2%2Fmedia&parent=236"}],"curies":[{"name":"wp","href":"https:\/\/api.w.org\/{rel}","templated":true}]}}